{"id":9,"date":"2019-01-16T08:58:27","date_gmt":"2019-01-16T08:58:27","guid":{"rendered":"https:\/\/atagrups.com\/?page_id=9"},"modified":"2019-01-17T11:13:57","modified_gmt":"2019-01-17T08:13:57","slug":"hakkimizda","status":"publish","type":"page","link":"https:\/\/atagrups.com\/?page_id=9","title":{"rendered":"Hakk\u0131m\u0131zda"},"content":{"rendered":"\n<p>Ata Mimarl\u0131k ve \u0130\u00e7 Mimarl\u0131k olarak firmam\u0131z in\u015faat ve taahh\u00fct i\u015flerinde de\nsiz m\u00fc\u015fterilerimize hizmet vermekteyiz. Her t\u00fcrl\u00fc in\u015faat\u0131n\u0131z firmam\u0131z\u0131n\ng\u00fcvencesinde, uzman kadromuzla ve \u00f6zenle tamamlanarak sizlere teslim edilir.\nBunun d\u0131\u015f\u0131nda y\u00fcksek metrajl\u0131 i\u015flerde de ta\u015feronluk hizmeti vermekteyiz.&nbsp;<br>\n<br>\nKonusunda deneyimli in\u015faat m\u00fchendisi ve mimarlar\u0131m\u0131z\u0131n kontrol\u00fcnde \u00e7al\u0131\u015fan in\u015faat\nekiplerimiz, disiplinli ve d\u00fczenli \u00e7al\u0131\u015fmalar\u0131yla i\u015f program\u0131nda belirlenen\ns\u00fcreler i\u00e7erisinde, taahh\u00fct etti\u011fimiz i\u015fleri standartlara ve projelerine uygun\nen son in\u015faat teknikleri kullan\u0131larak yapmaktad\u0131rlar. Yap\u0131lacak i\u015fin\nb\u00fcy\u00fckl\u00fc\u011f\u00fcne ve teknik \u00f6zelliklerine uygun her t\u00fcrl\u00fc in\u015faat malzemesi, ekipman\nve i\u015f g\u00fcc\u00fc, i\u015fin gecikme olmaks\u0131z\u0131n s\u00fcrd\u00fcr\u00fclmesi i\u00e7in \u015fantiyeye\nula\u015ft\u0131r\u0131lmaktad\u0131r.<br>\n<br>\n\u015eantiye yerle\u015fimimiz i\u015f g\u00fcvenli\u011fi ve i\u015f\u00e7i sa\u011fl\u0131\u011f\u0131na uygun \u015fartlarda haz\u0131rlan\u0131p\n\u00e7al\u0131\u015fanlar\u0131n ya\u015fam ve \u00e7al\u0131\u015fma \u015fartlar\u0131 g\u00fcvence alt\u0131na al\u0131nmaktad\u0131r.\n\u00c7al\u0131\u015fmalar\u0131m\u0131z esnas\u0131nda \u00e7evre ile ilgili \u015fartlar kontrol edilip, gerekli\n\u00f6nlemler al\u0131narak \u00e7evre d\u00fczeninin yap\u0131lan i\u015ften olumsuz etkilenmemesine\nmaksimum \u00f6zen g\u00f6sterilmektedir.<\/p>\n\n\n\n<p><br>\nCopyright \u00a9 2019 Ata \u0130\u00e7 Mimarl\u0131k. T\u00fcm haklar\u0131 sakl\u0131d\u0131r.<\/p>\n","protected":false},"excerpt":{"rendered":"<p>Ata Mimarl\u0131k ve \u0130\u00e7 Mimarl\u0131k olarak firmam\u0131z in\u015faat ve taahh\u00fct i\u015flerinde de siz m\u00fc\u015fterilerimize hizmet vermekteyiz. Her t\u00fcrl\u00fc in\u015faat\u0131n\u0131z firmam\u0131z\u0131n g\u00fcvencesinde, uzman kadromuzla ve \u00f6zenle tamamlanarak sizlere teslim edilir. Bunun d\u0131\u015f\u0131nda y\u00fcksek metrajl\u0131 i\u015flerde de ta\u015feronluk hizmeti vermekteyiz.&nbsp; Konusunda deneyimli in\u015faat m\u00fchendisi ve mimarlar\u0131m\u0131z\u0131n kontrol\u00fcnde \u00e7al\u0131\u015fan in\u015faat ekiplerimiz, disiplinli ve d\u00fczenli \u00e7al\u0131\u015fmalar\u0131yla i\u015f program\u0131nda belirlenen &hellip; <\/p>\n<p class=\"link-more\"><a href=\"https:\/\/atagrups.com\/?page_id=9\" class=\"more-link\">Okumaya devam et<span class=\"screen-reader-text\"> &#8220;Hakk\u0131m\u0131zda&#8221;<\/span><\/a><\/p>\n","protected":false},"author":1,"featured_media":36,"parent":0,"menu_order":0,"comment_status":"closed","ping_status":"closed","template":"","meta":[],"_links":{"self":[{"href":"https:\/\/atagrups.com\/index.php?rest_route=\/wp\/v2\/pages\/9"}],"collection":[{"href":"https:\/\/atagrups.com\/index.php?rest_route=\/wp\/v2\/pages"}],"about":[{"href":"https:\/\/atagrups.com\/index.php?rest_route=\/wp\/v2\/types\/page"}],"author":[{"embeddable":true,"href":"https:\/\/atagrups.com\/index.php?rest_route=\/wp\/v2\/users\/1"}],"replies":[{"embeddable":true,"href":"https:\/\/atagrups.com\/index.php?rest_route=%2Fwp%2Fv2%2Fcomments&post=9"}],"version-history":[{"count":4,"href":"https:\/\/atagrups.com\/index.php?rest_route=\/wp\/v2\/pages\/9\/revisions"}],"predecessor-version":[{"id":85,"href":"https:\/\/atagrups.com\/index.php?rest_route=\/wp\/v2\/pages\/9\/revisions\/85"}],"wp:featuredmedia":[{"embeddable":true,"href":"https:\/\/atagrups.com\/index.php?rest_route=\/wp\/v2\/media\/36"}],"wp:attachment":[{"href":"https:\/\/atagrups.com\/index.php?rest_route=%2Fwp%2Fv2%2Fmedia&parent=9"}],"curies":[{"name":"wp","href":"https:\/\/api.w.org\/{rel}","templated":true}]}}